{"id":755,"date":"2021-04-06T09:11:42","date_gmt":"2021-04-06T07:11:42","guid":{"rendered":"https:\/\/wordpress.intern.isl.org\/?page_id=755"},"modified":"2021-04-06T09:11:43","modified_gmt":"2021-04-06T07:11:43","slug":"contact","status":"publish","type":"page","link":"https:\/\/maritiem.isl.org\/en\/contact\/","title":{"rendered":"Contact"},"content":{"rendered":"<p>Projektleiter: Fl\u00f3ra Zsuzsanna Guly\u00e1s<\/p>\n\n\n\n<p>Institut f\u00fcr Seeverkehrswirtschaft und Logistik<\/p>\n\n\n\n<p> Universit\u00e4tsalle 11-13<\/p>\n\n\n\n<p>28359 Bremen<br><\/p>\n\n\n\n<p>E-Mail: gulyas@isl.org<\/p>\n\n\n\n<p>Tel.: +49-421-22096-20<\/p>","protected":false},"excerpt":{"rendered":"<p>Projektleiter: Fl\u00f3ra Zsuzsanna Guly\u00e1s Institut f\u00fcr Seeverkehrswirtschaft und Logistik Universit\u00e4tsalle 11-13 28359 Bremen E-Mail: gulyas@isl.org Tel.: +49-421-22096-20<\/p>","protected":false},"author":1,"featured_media":0,"parent":0,"menu_order":0,"comment_status":"closed","ping_status":"closed","template":"","meta":[],"acf":[],"_links":{"self":[{"href":"https:\/\/maritiem.isl.org\/en\/wp-json\/wp\/v2\/pages\/755"}],"collection":[{"href":"https:\/\/maritiem.isl.org\/en\/wp-json\/wp\/v2\/pages"}],"about":[{"href":"https:\/\/maritiem.isl.org\/en\/wp-json\/wp\/v2\/types\/page"}],"author":[{"embeddable":true,"href":"https:\/\/maritiem.isl.org\/en\/wp-json\/wp\/v2\/users\/1"}],"replies":[{"embeddable":true,"href":"https:\/\/maritiem.isl.org\/en\/wp-json\/wp\/v2\/comments?post=755"}],"version-history":[{"count":2,"href":"https:\/\/maritiem.isl.org\/en\/wp-json\/wp\/v2\/pages\/755\/revisions"}],"predecessor-version":[{"id":757,"href":"https:\/\/maritiem.isl.org\/en\/wp-json\/wp\/v2\/pages\/755\/revisions\/757"}],"wp:attachment":[{"href":"https:\/\/maritiem.isl.org\/en\/wp-json\/wp\/v2\/media?parent=755"}],"curies":[{"name":"wp","href":"https:\/\/api.w.org\/{rel}","templated":true}]}}